{"id":618,"date":"2024-11-28T12:50:54","date_gmt":"2024-11-28T12:50:54","guid":{"rendered":"https:\/\/www.chateaudescologny.org\/?post_type=product&#038;p=618"},"modified":"2024-12-07T22:52:48","modified_gmt":"2024-12-07T22:52:48","slug":"poires-chocolat-et-pralines-dandrea-tortora-copy","status":"publish","type":"product","link":"https:\/\/www.chateaudescologny.org\/fr\/shop\/poires-chocolat-et-pralines-dandrea-tortora-copy\/","title":{"rendered":"Panettone Milano &#8211; Andrea Tortora"},"content":{"rendered":"<p><strong>Ingr\u00e9dients<\/strong>:<\/p>\n<p><span style=\"font-weight: 400;\">Farine de BLE type 0, beurre laitier (LAIT), \u00e9corces d&rsquo;orange confites (\u00e9corces d&rsquo;orange, sirop de glucose-fructose, sucre), raisins secs australiens, eau, jaune d&rsquo;\u0153uf frais de cat\u00e9gorie A, sucre, levure naturelle (eau de farine de BLE type 0), miel, pulpe aromatis\u00e9e \u00e0 l&rsquo;orange (sirop de glucose-fructose, \u00e9corces d&rsquo;orange, sirop de glucose, huile essentielle d&rsquo;orange \u00ab extraite \u00e0 froid \u00bb, sucre, sel), sel, gousse de vanille Bourbon en graines, malt (BLE).<\/span><\/p>\n<p><strong>Poids<\/strong>: 1 kg<\/p>\n","protected":false},"excerpt":{"rendered":"<p><span style=\"font-weight: 400;\">Notre Panettone Milano trouve son \u00e9volution dans la tradition. Il monte lentement gr\u00e2ce au levain, s&rsquo;enrichit d&rsquo;oranges confites de Sicile, de cubes de C\u00e8dre Diamant et de succulents raisins secs d&rsquo;Australie.\u00a0 Enfin, il est g\u00e9n\u00e9reusement rehauss\u00e9 par le beurre laitier italien et la vanille Bourbon.<\/span><\/p>\n<p><span style=\"font-weight: 400;\">Notre panettone Milano suit rigoureusement la r\u00e9volution des formes d&rsquo;Angelo Motta et il est propos\u00e9 dans la version haute, sortant du moule et cr\u00e9ant la cro\u00fbte traditionnelle assombrie par les raisins secs br\u00fbl\u00e9s.<\/span><\/p>\n","protected":false},"featured_media":620,"template":"","meta":[],"product_cat":[36],"product_tag":[],"class_list":["post-618","product","type-product","status-publish","has-post-thumbnail","hentry","product_cat-panettoni-fr"],"_links":{"self":[{"href":"https:\/\/www.chateaudescologny.org\/fr\/wp-json\/wp\/v2\/product\/618"}],"collection":[{"href":"https:\/\/www.chateaudescologny.org\/fr\/wp-json\/wp\/v2\/product"}],"about":[{"href":"https:\/\/www.chateaudescologny.org\/fr\/wp-json\/wp\/v2\/types\/product"}],"wp:featuredmedia":[{"embeddable":true,"href":"https:\/\/www.chateaudescologny.org\/fr\/wp-json\/wp\/v2\/media\/620"}],"wp:attachment":[{"href":"https:\/\/www.chateaudescologny.org\/fr\/wp-json\/wp\/v2\/media?parent=618"}],"wp:term":[{"taxonomy":"product_cat","embeddable":true,"href":"https:\/\/www.chateaudescologny.org\/fr\/wp-json\/wp\/v2\/product_cat?post=618"},{"taxonomy":"product_tag","embeddable":true,"href":"https:\/\/www.chateaudescologny.org\/fr\/wp-json\/wp\/v2\/product_tag?post=618"}],"curies":[{"name":"wp","href":"https:\/\/api.w.org\/{rel}","templated":true}]}}