{"id":622,"date":"2024-11-28T13:04:49","date_gmt":"2024-11-28T13:04:49","guid":{"rendered":"https:\/\/www.chateaudescologny.org\/?post_type=product&#038;p=622"},"modified":"2024-11-29T19:59:34","modified_gmt":"2024-11-29T19:59:34","slug":"panettone_apricot_gianduia-at","status":"publish","type":"product","link":"https:\/\/www.chateaudescologny.org\/fr\/shop\/panettone_apricot_gianduia-at\/","title":{"rendered":"Panettone abricot et gianduia &#8211; Andrea Tortora"},"content":{"rendered":"<p><strong>Ingr\u00e9dients<\/strong>: <span style=\"font-weight: 400;\">Farine de BLE type 0, beurre laitier (LAIT), eau, jaune d&rsquo;\u0153uf frais de cat\u00e9gorie A, sucre, abricots confits (abricots, sirop de glucose-fructose, sucre), fondant Gianduia \u00e0 la NOIX DE HAINE (sucre, NOIX DE HAINE 34%, f\u00e8ve de cacao, beurre de cacao, poudre de LAIT entier, extrait naturel de vanille, \u00e9mulsifiant l\u00e9cithine de SOY), levure naturelle (farine de BLE, soft type 0, eau), miel, pulpe aromatis\u00e9e \u00e0 l&rsquo;orange (sirop de glucose-fructose, \u00e9corces d&rsquo;orange, sirop de glucose, huile essentielle d&rsquo;orange \u00ab extraite \u00e0 froid \u00bb, sucre, sel), malt (BLE), graines de gousses de vanille Bourbon, sel.<\/span><\/p>\n<p><strong>Poids<\/strong>: 1 kg<\/p>\n","protected":false},"excerpt":{"rendered":"<p><span style=\"font-weight: 400;\">L&rsquo;\u00e9l\u00e9gance de l&rsquo;abricot joue avec le cr\u00e9meux du gianduia dans une p\u00e2te lumineuse et moelleuse, piqu\u00e9e de vanille de Tahiti et envelopp\u00e9e d&rsquo;un parfum de beurre laitier. Le d\u00f4me milanais, traditionnellement taill\u00e9 en forme de croix, r\u00e9v\u00e8le l&rsquo;alternance et le fruit des pr\u00e9cieuses p\u00e9pites de gianduia, r\u00e9v\u00e9lant l&rsquo;enchantement au premier coup d&rsquo;\u0153il.<\/span><\/p>\n","protected":false},"featured_media":624,"template":"","meta":[],"product_cat":[36],"product_tag":[],"class_list":["post-622","product","type-product","status-publish","has-post-thumbnail","hentry","product_cat-panettoni-fr"],"_links":{"self":[{"href":"https:\/\/www.chateaudescologny.org\/fr\/wp-json\/wp\/v2\/product\/622"}],"collection":[{"href":"https:\/\/www.chateaudescologny.org\/fr\/wp-json\/wp\/v2\/product"}],"about":[{"href":"https:\/\/www.chateaudescologny.org\/fr\/wp-json\/wp\/v2\/types\/product"}],"wp:featuredmedia":[{"embeddable":true,"href":"https:\/\/www.chateaudescologny.org\/fr\/wp-json\/wp\/v2\/media\/624"}],"wp:attachment":[{"href":"https:\/\/www.chateaudescologny.org\/fr\/wp-json\/wp\/v2\/media?parent=622"}],"wp:term":[{"taxonomy":"product_cat","embeddable":true,"href":"https:\/\/www.chateaudescologny.org\/fr\/wp-json\/wp\/v2\/product_cat?post=622"},{"taxonomy":"product_tag","embeddable":true,"href":"https:\/\/www.chateaudescologny.org\/fr\/wp-json\/wp\/v2\/product_tag?post=622"}],"curies":[{"name":"wp","href":"https:\/\/api.w.org\/{rel}","templated":true}]}}